{"id":4749,"date":"2024-10-02T14:09:51","date_gmt":"2024-10-02T12:09:51","guid":{"rendered":"https:\/\/www.somedi.fr\/index.php\/piscine-et-spas\/"},"modified":"2025-02-18T14:24:04","modified_gmt":"2025-02-18T13:24:04","slug":"coques-piscine-montpellier","status":"publish","type":"page","link":"https:\/\/www.somedi.fr\/index.php\/coques-piscine-montpellier\/","title":{"rendered":"Coques"},"content":{"rendered":"\n\n\n\n","protected":false},"excerpt":{"rendered":"","protected":false},"author":1,"featured_media":0,"parent":0,"menu_order":0,"comment_status":"closed","ping_status":"closed","template":"full-width","meta":{"saved_in_kubio":true,"_uag_custom_page_level_css":"","_glsr_average":0,"_glsr_ranking":0,"_glsr_reviews":0,"footnotes":""},"class_list":["post-4749","page","type-page","status-publish","hentry"],"kubio_ai_page_context":{"short_desc":"","purpose":"general"},"yoast_head":"<!-- This site is optimized with the Yoast SEO plugin v25.1 - https:\/\/yoast.com\/wordpress\/plugins\/seo\/ -->\n<title>Coques piscine Montpellier<\/title>\n<meta name=\"description\" content=\"D\u00e9couvrez les meilleures coques de piscine \u00e0 Montpellier. Obtenez votre devis personnalis\u00e9 d\u00e8s maintenant !\" \/>\n<meta name=\"robots\" content=\"index, follow, max-snippet:-1, max-image-preview:large, max-video-preview:-1\" \/>\n<link rel=\"canonical\" href=\"https:\/\/www.somedi.fr\/index.php\/coques-piscine-montpellier\/\" \/>\n<meta property=\"og:locale\" content=\"fr_FR\" \/>\n<meta property=\"og:type\" content=\"article\" \/>\n<meta property=\"og:title\" content=\"Coques piscine Montpellier\" \/>\n<meta property=\"og:description\" content=\"D\u00e9couvrez les meilleures coques de piscine \u00e0 Montpellier. Obtenez votre devis personnalis\u00e9 d\u00e8s maintenant !\" \/>\n<meta property=\"og:url\" content=\"https:\/\/www.somedi.fr\/index.php\/coques-piscine-montpellier\/\" \/>\n<meta property=\"og:site_name\" content=\"SOMEDI\" \/>\n<meta property=\"article:publisher\" content=\"https:\/\/www.facebook.com\/p\/Piscinistes-Associs-Somdi-34-100063627367985\/?locale=fr_FR\" \/>\n<meta property=\"article:modified_time\" content=\"2025-02-18T13:24:04+00:00\" \/>\n<meta name=\"twitter:card\" content=\"summary_large_image\" \/>\n<script type=\"application\/ld+json\" class=\"yoast-schema-graph\">{\"@context\":\"https:\/\/schema.org\",\"@graph\":[{\"@type\":[\"WebPage\",\"ItemPage\"],\"@id\":\"https:\/\/www.somedi.fr\/index.php\/coques-piscine-montpellier\/\",\"url\":\"https:\/\/www.somedi.fr\/index.php\/coques-piscine-montpellier\/\",\"name\":\"Coques piscine Montpellier\",\"isPartOf\":{\"@id\":\"https:\/\/www.somedi.fr\/#website\"},\"datePublished\":\"2024-10-02T12:09:51+00:00\",\"dateModified\":\"2025-02-18T13:24:04+00:00\",\"description\":\"D\u00e9couvrez les meilleures coques de piscine \u00e0 Montpellier. Obtenez votre devis personnalis\u00e9 d\u00e8s maintenant !\",\"breadcrumb\":{\"@id\":\"https:\/\/www.somedi.fr\/index.php\/coques-piscine-montpellier\/#breadcrumb\"},\"inLanguage\":\"fr-FR\",\"potentialAction\":[{\"@type\":\"ReadAction\",\"target\":[\"https:\/\/www.somedi.fr\/index.php\/coques-piscine-montpellier\/\"]}]},{\"@type\":\"BreadcrumbList\",\"@id\":\"https:\/\/www.somedi.fr\/index.php\/coques-piscine-montpellier\/#breadcrumb\",\"itemListElement\":[{\"@type\":\"ListItem\",\"position\":1,\"name\":\"Accueil\",\"item\":\"https:\/\/www.somedi.fr\/\"},{\"@type\":\"ListItem\",\"position\":2,\"name\":\"Coques\"}]},{\"@type\":\"WebSite\",\"@id\":\"https:\/\/www.somedi.fr\/#website\",\"url\":\"https:\/\/www.somedi.fr\/\",\"name\":\"SOMEDI\",\"description\":\"depuis 1946\",\"publisher\":{\"@id\":\"https:\/\/www.somedi.fr\/#organization\"},\"potentialAction\":[{\"@type\":\"SearchAction\",\"target\":{\"@type\":\"EntryPoint\",\"urlTemplate\":\"https:\/\/www.somedi.fr\/?s={search_term_string}\"},\"query-input\":{\"@type\":\"PropertyValueSpecification\",\"valueRequired\":true,\"valueName\":\"search_term_string\"}}],\"inLanguage\":\"fr-FR\"},{\"@type\":\"Organization\",\"@id\":\"https:\/\/www.somedi.fr\/#organization\",\"name\":\"SOMEDI\",\"url\":\"https:\/\/www.somedi.fr\/\",\"logo\":{\"@type\":\"ImageObject\",\"inLanguage\":\"fr-FR\",\"@id\":\"https:\/\/www.somedi.fr\/#\/schema\/logo\/image\/\",\"url\":\"https:\/\/www.somedi.fr\/wp-content\/uploads\/2024\/10\/SOMEDI-e1727937160624.jpg\",\"contentUrl\":\"https:\/\/www.somedi.fr\/wp-content\/uploads\/2024\/10\/SOMEDI-e1727937160624.jpg\",\"width\":748,\"height\":448,\"caption\":\"SOMEDI\"},\"image\":{\"@id\":\"https:\/\/www.somedi.fr\/#\/schema\/logo\/image\/\"},\"sameAs\":[\"https:\/\/www.facebook.com\/p\/Piscinistes-Associs-Somdi-34-100063627367985\/?locale=fr_FR\",\"https:\/\/www.instagram.com\/piscinistes_associes_somedi34\/\"]}]}<\/script>\n<!-- \/ Yoast SEO plugin. -->","yoast_head_json":{"title":"Coques piscine Montpellier","description":"D\u00e9couvrez les meilleures coques de piscine \u00e0 Montpellier. Obtenez votre devis personnalis\u00e9 d\u00e8s maintenant !","robots":{"index":"index","follow":"follow","max-snippet":"max-snippet:-1","max-image-preview":"max-image-preview:large","max-video-preview":"max-video-preview:-1"},"canonical":"https:\/\/www.somedi.fr\/index.php\/coques-piscine-montpellier\/","og_locale":"fr_FR","og_type":"article","og_title":"Coques piscine Montpellier","og_description":"D\u00e9couvrez les meilleures coques de piscine \u00e0 Montpellier. Obtenez votre devis personnalis\u00e9 d\u00e8s maintenant !","og_url":"https:\/\/www.somedi.fr\/index.php\/coques-piscine-montpellier\/","og_site_name":"SOMEDI","article_publisher":"https:\/\/www.facebook.com\/p\/Piscinistes-Associs-Somdi-34-100063627367985\/?locale=fr_FR","article_modified_time":"2025-02-18T13:24:04+00:00","twitter_card":"summary_large_image","schema":{"@context":"https:\/\/schema.org","@graph":[{"@type":["WebPage","ItemPage"],"@id":"https:\/\/www.somedi.fr\/index.php\/coques-piscine-montpellier\/","url":"https:\/\/www.somedi.fr\/index.php\/coques-piscine-montpellier\/","name":"Coques piscine Montpellier","isPartOf":{"@id":"https:\/\/www.somedi.fr\/#website"},"datePublished":"2024-10-02T12:09:51+00:00","dateModified":"2025-02-18T13:24:04+00:00","description":"D\u00e9couvrez les meilleures coques de piscine \u00e0 Montpellier. Obtenez votre devis personnalis\u00e9 d\u00e8s maintenant !","breadcrumb":{"@id":"https:\/\/www.somedi.fr\/index.php\/coques-piscine-montpellier\/#breadcrumb"},"inLanguage":"fr-FR","potentialAction":[{"@type":"ReadAction","target":["https:\/\/www.somedi.fr\/index.php\/coques-piscine-montpellier\/"]}]},{"@type":"BreadcrumbList","@id":"https:\/\/www.somedi.fr\/index.php\/coques-piscine-montpellier\/#breadcrumb","itemListElement":[{"@type":"ListItem","position":1,"name":"Accueil","item":"https:\/\/www.somedi.fr\/"},{"@type":"ListItem","position":2,"name":"Coques"}]},{"@type":"WebSite","@id":"https:\/\/www.somedi.fr\/#website","url":"https:\/\/www.somedi.fr\/","name":"SOMEDI","description":"depuis 1946","publisher":{"@id":"https:\/\/www.somedi.fr\/#organization"},"potentialAction":[{"@type":"SearchAction","target":{"@type":"EntryPoint","urlTemplate":"https:\/\/www.somedi.fr\/?s={search_term_string}"},"query-input":{"@type":"PropertyValueSpecification","valueRequired":true,"valueName":"search_term_string"}}],"inLanguage":"fr-FR"},{"@type":"Organization","@id":"https:\/\/www.somedi.fr\/#organization","name":"SOMEDI","url":"https:\/\/www.somedi.fr\/","logo":{"@type":"ImageObject","inLanguage":"fr-FR","@id":"https:\/\/www.somedi.fr\/#\/schema\/logo\/image\/","url":"https:\/\/www.somedi.fr\/wp-content\/uploads\/2024\/10\/SOMEDI-e1727937160624.jpg","contentUrl":"https:\/\/www.somedi.fr\/wp-content\/uploads\/2024\/10\/SOMEDI-e1727937160624.jpg","width":748,"height":448,"caption":"SOMEDI"},"image":{"@id":"https:\/\/www.somedi.fr\/#\/schema\/logo\/image\/"},"sameAs":["https:\/\/www.facebook.com\/p\/Piscinistes-Associs-Somdi-34-100063627367985\/?locale=fr_FR","https:\/\/www.instagram.com\/piscinistes_associes_somedi34\/"]}]}},"uagb_featured_image_src":{"full":false,"thumbnail":false,"medium":false,"medium_large":false,"large":false,"1536x1536":false,"2048x2048":false,"kubio-fullhd":false},"uagb_author_info":{"display_name":"antoinezz","author_link":"https:\/\/www.somedi.fr\/index.php\/author\/antoinezz\/"},"uagb_comment_info":0,"uagb_excerpt":null,"_links":{"self":[{"href":"https:\/\/www.somedi.fr\/index.php\/wp-json\/wp\/v2\/pages\/4749","targetHints":{"allow":["GET"]}}],"collection":[{"href":"https:\/\/www.somedi.fr\/index.php\/wp-json\/wp\/v2\/pages"}],"about":[{"href":"https:\/\/www.somedi.fr\/index.php\/wp-json\/wp\/v2\/types\/page"}],"author":[{"embeddable":true,"href":"https:\/\/www.somedi.fr\/index.php\/wp-json\/wp\/v2\/users\/1"}],"replies":[{"embeddable":true,"href":"https:\/\/www.somedi.fr\/index.php\/wp-json\/wp\/v2\/comments?post=4749"}],"version-history":[{"count":43,"href":"https:\/\/www.somedi.fr\/index.php\/wp-json\/wp\/v2\/pages\/4749\/revisions"}],"predecessor-version":[{"id":5876,"href":"https:\/\/www.somedi.fr\/index.php\/wp-json\/wp\/v2\/pages\/4749\/revisions\/5876"}],"wp:attachment":[{"href":"https:\/\/www.somedi.fr\/index.php\/wp-json\/wp\/v2\/media?parent=4749"}],"curies":[{"name":"wp","href":"https:\/\/api.w.org\/{rel}","templated":true}]}}